{"id":70,"date":"2020-08-22T04:15:23","date_gmt":"2020-08-22T04:15:23","guid":{"rendered":"https:\/\/grupor124.com\/?post_type=product&#038;p=70"},"modified":"2026-04-09T05:34:23","modified_gmt":"2026-04-09T05:34:23","slug":"media-reparacion","status":"publish","type":"product","link":"https:\/\/grupor124.com\/dieselbajio\/producto\/media-reparacion\/","title":{"rendered":"Media Reparacion ISX S\/EGR 150mm (Pro)"},"content":{"rendered":"","protected":false},"excerpt":{"rendered":"<p>Media Reparaci\u00f3n ISX SIN EGR 150 mm (Pro)<\/p>\n<p>Marca CUMMINS<\/p>\n<p>Incluye:Kit de camisa, kit de pist\u00f3n, metales de biela y bancada,juego de juntas superior, junta de c\u00e1rter, anillos,v\u00e1lvula de presi\u00f3n relief, filtro de combustible y aceite,perno alta temperatura,tornillo hexagonal,cabeza de brida, rociadores<\/p>\n<p>Env\u00edo a TODO M\u00e9xico<\/p>\n<p>**IVA incluido<\/p>\n","protected":false},"featured_media":743,"comment_status":"open","ping_status":"closed","template":"","meta":[],"product_brand":[],"product_cat":[18,97],"product_tag":[23,34,31,27,26],"class_list":{"0":"post-70","1":"product","2":"type-product","3":"status-publish","4":"has-post-thumbnail","6":"product_cat-cummins","7":"product_cat-medias-completas","8":"product_tag-cummins","9":"product_tag-dieselbajio","10":"product_tag-isx","11":"product_tag-mediareparacion","12":"product_tag-overhaul","14":"first","15":"instock","16":"taxable","17":"shipping-taxable","18":"purchasable","19":"product-type-simple"},"_links":{"self":[{"href":"https:\/\/grupor124.com\/dieselbajio\/wp-json\/wp\/v2\/product\/70","targetHints":{"allow":["GET"]}}],"collection":[{"href":"https:\/\/grupor124.com\/dieselbajio\/wp-json\/wp\/v2\/product"}],"about":[{"href":"https:\/\/grupor124.com\/dieselbajio\/wp-json\/wp\/v2\/types\/product"}],"replies":[{"embeddable":true,"href":"https:\/\/grupor124.com\/dieselbajio\/wp-json\/wp\/v2\/comments?post=70"}],"wp:featuredmedia":[{"embeddable":true,"href":"https:\/\/grupor124.com\/dieselbajio\/wp-json\/wp\/v2\/media\/743"}],"wp:attachment":[{"href":"https:\/\/grupor124.com\/dieselbajio\/wp-json\/wp\/v2\/media?parent=70"}],"wp:term":[{"taxonomy":"product_brand","embeddable":true,"href":"https:\/\/grupor124.com\/dieselbajio\/wp-json\/wp\/v2\/product_brand?post=70"},{"taxonomy":"product_cat","embeddable":true,"href":"https:\/\/grupor124.com\/dieselbajio\/wp-json\/wp\/v2\/product_cat?post=70"},{"taxonomy":"product_tag","embeddable":true,"href":"https:\/\/grupor124.com\/dieselbajio\/wp-json\/wp\/v2\/product_tag?post=70"}],"curies":[{"name":"wp","href":"https:\/\/api.w.org\/{rel}","templated":true}]}}