{"id":178,"date":"2020-08-26T22:48:44","date_gmt":"2020-08-26T22:48:44","guid":{"rendered":"https:\/\/grupor124.com\/?post_type=product&#038;p=178"},"modified":"2026-04-09T05:36:18","modified_gmt":"2026-04-09T05:36:18","slug":"media-reparacion-n14","status":"publish","type":"product","link":"https:\/\/grupor124.com\/dieselbajio\/producto\/media-reparacion-n14\/","title":{"rendered":"Media Reparacion N14"},"content":{"rendered":"","protected":false},"excerpt":{"rendered":"<p>Media Reparaci\u00f3n N14 Celect<\/p>\n<p>Marca CUMMINS<\/p>\n<p>Incluye: Kit de pist\u00f3n, anillos de pist\u00f3n,kit de camisa , metales de biela y bancada, juego de juntas superior y junta de c\u00e1rter<\/p>\n<p>Env\u00edo a TODO M\u00e9xico<\/p>\n<p>**IVA incluido<\/p>\n","protected":false},"featured_media":741,"comment_status":"open","ping_status":"closed","template":"","meta":[],"product_brand":[],"product_cat":[18,97],"product_tag":[23,27,24,26],"class_list":{"0":"post-178","1":"product","2":"type-product","3":"status-publish","4":"has-post-thumbnail","6":"product_cat-cummins","7":"product_cat-medias-completas","8":"product_tag-cummins","9":"product_tag-mediareparacion","10":"product_tag-n14","11":"product_tag-overhaul","13":"first","14":"instock","15":"taxable","16":"shipping-taxable","17":"purchasable","18":"product-type-simple"},"_links":{"self":[{"href":"https:\/\/grupor124.com\/dieselbajio\/wp-json\/wp\/v2\/product\/178","targetHints":{"allow":["GET"]}}],"collection":[{"href":"https:\/\/grupor124.com\/dieselbajio\/wp-json\/wp\/v2\/product"}],"about":[{"href":"https:\/\/grupor124.com\/dieselbajio\/wp-json\/wp\/v2\/types\/product"}],"replies":[{"embeddable":true,"href":"https:\/\/grupor124.com\/dieselbajio\/wp-json\/wp\/v2\/comments?post=178"}],"wp:featuredmedia":[{"embeddable":true,"href":"https:\/\/grupor124.com\/dieselbajio\/wp-json\/wp\/v2\/media\/741"}],"wp:attachment":[{"href":"https:\/\/grupor124.com\/dieselbajio\/wp-json\/wp\/v2\/media?parent=178"}],"wp:term":[{"taxonomy":"product_brand","embeddable":true,"href":"https:\/\/grupor124.com\/dieselbajio\/wp-json\/wp\/v2\/product_brand?post=178"},{"taxonomy":"product_cat","embeddable":true,"href":"https:\/\/grupor124.com\/dieselbajio\/wp-json\/wp\/v2\/product_cat?post=178"},{"taxonomy":"product_tag","embeddable":true,"href":"https:\/\/grupor124.com\/dieselbajio\/wp-json\/wp\/v2\/product_tag?post=178"}],"curies":[{"name":"wp","href":"https:\/\/api.w.org\/{rel}","templated":true}]}}