{"id":3,"date":"2020-08-17T20:03:41","date_gmt":"2020-08-17T20:03:41","guid":{"rendered":"https:\/\/grupor124.com\/?page_id=3"},"modified":"2024-08-01T20:42:30","modified_gmt":"2024-08-01T20:42:30","slug":"privacy-policy","status":"publish","type":"page","link":"https:\/\/grupor124.com\/dieselbajio\/privacy-policy\/","title":{"rendered":"Pol\u00edtica de devoluciones"},"content":{"rendered":"\n<p>Pol\u00edtica de devoluciones<\/p>\n\n\n\n<p>Los productos se deber\u00e1n devolver en el mismo estado en el que se recibieron. Por lo tanto, los productos se deben devolver nuevos y completos. Cuando devuelves un producto, aceptas el reembolso y la forma en que este se emite pueden variar de acuerdo con el estado del producto, el tiempo que lo tuviste y la forma en que se compr\u00f3. Si devuelves un producto diferente o uno que est\u00e9 en un estado diferente a como lo enviamos, no podremos procesar tu reembolso.<\/p>\n\n\n\n<p>Pol\u00edtica de cancelaci\u00f3n<\/p>\n\n\n\n<p>Podr\u00e1s efectuar la cancelaci\u00f3n total o parcial de una compra hecha a trav\u00e9s de la p\u00e1gina https:\/\/grupor124.com\/dieselbajio\/ siempre y cuando no se te haya enviado la mercanc\u00eda, para ello, deber\u00e1s enviar un correo electr\u00f3nico a la siguiente direcci\u00f3n: dieselbajio@grupor124.com o bien, comunic\u00e1ndote con nosotros v\u00eda telef\u00f3nica al 442-109-7678.<\/p>\n","protected":false},"excerpt":{"rendered":"<p>Pol\u00edtica de devoluciones Los productos se deber\u00e1n devolver en el mismo estado en el que se recibieron. Por lo tanto, los productos se deben devolver nuevos y completos. Cuando devuelves un producto, aceptas el reembolso y la forma en que este se emite pueden variar de acuerdo con el estado del producto, el tiempo que [&hellip;]<\/p>\n","protected":false},"author":1,"featured_media":0,"parent":0,"menu_order":0,"comment_status":"closed","ping_status":"closed","template":"","meta":{"footnotes":""},"class_list":["post-3","page","type-page","status-publish","hentry"],"blocksy_meta":[],"_links":{"self":[{"href":"https:\/\/grupor124.com\/dieselbajio\/wp-json\/wp\/v2\/pages\/3","targetHints":{"allow":["GET"]}}],"collection":[{"href":"https:\/\/grupor124.com\/dieselbajio\/wp-json\/wp\/v2\/pages"}],"about":[{"href":"https:\/\/grupor124.com\/dieselbajio\/wp-json\/wp\/v2\/types\/page"}],"author":[{"embeddable":true,"href":"https:\/\/grupor124.com\/dieselbajio\/wp-json\/wp\/v2\/users\/1"}],"replies":[{"embeddable":true,"href":"https:\/\/grupor124.com\/dieselbajio\/wp-json\/wp\/v2\/comments?post=3"}],"version-history":[{"count":3,"href":"https:\/\/grupor124.com\/dieselbajio\/wp-json\/wp\/v2\/pages\/3\/revisions"}],"predecessor-version":[{"id":545,"href":"https:\/\/grupor124.com\/dieselbajio\/wp-json\/wp\/v2\/pages\/3\/revisions\/545"}],"wp:attachment":[{"href":"https:\/\/grupor124.com\/dieselbajio\/wp-json\/wp\/v2\/media?parent=3"}],"curies":[{"name":"wp","href":"https:\/\/api.w.org\/{rel}","templated":true}]}}